{"id":555,"date":"2023-05-09T11:19:09","date_gmt":"2023-05-09T09:19:09","guid":{"rendered":"https:\/\/natconference.museuciencies.cat\/sobre-la-propuesta\/"},"modified":"2023-05-30T12:24:59","modified_gmt":"2023-05-30T10:24:59","slug":"sobre-la-propuesta","status":"publish","type":"page","link":"https:\/\/natconference.museuciencies.cat\/es\/sobre-la-propuesta\/","title":{"rendered":"Sobre la propuesta"},"content":{"rendered":"\n<p>El objetivo de la conferencia es explorar desde un punto de vista nuevo el tema de la \u00abrepresentaci\u00f3n neural\u00bb. La idea de representaci\u00f3n es un concepto b\u00e1sico en el \u00e1mbito de la neurociencia. Las representaciones son fundamentales para estudiar las funciones del cerebro, como por ejemplo identificar marcadores ambientales asociados a una actividad neuronal espec\u00edfica. Sin embargo, a pesar de la relevancia fundamental de este concepto, todav\u00eda no disponemos de una idea clara, universal y ampliamente aceptada sobre qu\u00e9 significa que un sistema nervioso represente algo, sobre qu\u00e9 hace que una actividad neural sea una representaci\u00f3n y sobre qu\u00e9 se representa.<\/p>\n\n\n\n<p>En la conferencia de este a\u00f1o participar\u00e1n algunas de las personas investigadoras m\u00e1s importantes del \u00e1mbito de la neurociencia, que han dedicado proyectos y art\u00edculos cient\u00edficos al concepto de la representaci\u00f3n neural. Con sus diferentes visiones sobre el tema, aportar\u00e1n valiosos conocimientos y generar\u00e1n un interesante debate entre los ponentes y el p\u00fablico asistente.<\/p>\n","protected":false},"excerpt":{"rendered":"<p>El objetivo de la conferencia es explorar desde un punto de vista nuevo el tema de la \u00abrepresentaci\u00f3n neural\u00bb. La idea de representaci\u00f3n es un concepto b\u00e1sico en el \u00e1mbito de la neurociencia. Las representaciones son fundamentales para estudiar las funciones del cerebro, como por ejemplo identificar marcadores ambientales asociados a una actividad neuronal espec\u00edfica. [&hellip;]<\/p>\n","protected":false},"author":1,"featured_media":736,"parent":0,"menu_order":10,"comment_status":"closed","ping_status":"closed","template":"page-sobre-la-proposta.php","meta":{"inline_featured_image":false,"footnotes":""},"class_list":["post-555","page","type-page","status-publish","hentry"],"acf":[],"yoast_head":"<!-- This site is optimized with the Yoast SEO plugin v20.8 - https:\/\/yoast.com\/wordpress\/plugins\/seo\/ -->\n<title>Sobre la propuesta - Nat Conference<\/title>\n<meta name=\"robots\" content=\"index, follow, max-snippet:-1, max-image-preview:large, max-video-preview:-1\" \/>\n<link rel=\"canonical\" href=\"https:\/\/natconference.museuciencies.cat\/es\/sobre-la-propuesta\/\" \/>\n<meta property=\"og:locale\" content=\"es_ES\" \/>\n<meta property=\"og:type\" content=\"article\" \/>\n<meta property=\"og:title\" content=\"Sobre la propuesta - Nat Conference\" \/>\n<meta property=\"og:description\" content=\"El objetivo de la conferencia es explorar desde un punto de vista nuevo el tema de la \u00abrepresentaci\u00f3n neural\u00bb. La idea de representaci\u00f3n es un concepto b\u00e1sico en el \u00e1mbito de la neurociencia. Las representaciones son fundamentales para estudiar las funciones del cerebro, como por ejemplo identificar marcadores ambientales asociados a una actividad neuronal espec\u00edfica. [&hellip;]\" \/>\n<meta property=\"og:url\" content=\"https:\/\/natconference.museuciencies.cat\/es\/sobre-la-propuesta\/\" \/>\n<meta property=\"og:site_name\" content=\"Nat Conference\" \/>\n<meta property=\"article:publisher\" content=\"https:\/\/www.facebook.com\/museuciencies\" \/>\n<meta property=\"article:modified_time\" content=\"2023-05-30T10:24:59+00:00\" \/>\n<meta property=\"og:image\" content=\"https:\/\/natconference.museuciencies.cat\/wp-content\/uploads\/2023\/05\/nat-conference-compartir.jpg\" \/>\n\t<meta property=\"og:image:width\" content=\"1200\" \/>\n\t<meta property=\"og:image:height\" content=\"628\" \/>\n\t<meta property=\"og:image:type\" content=\"image\/jpeg\" \/>\n<meta name=\"twitter:card\" content=\"summary_large_image\" \/>\n<meta name=\"twitter:image\" content=\"https:\/\/natconference.museuciencies.cat\/wp-content\/uploads\/2023\/05\/nat-conference-compartir-tw.jpg\" \/>\n<meta name=\"twitter:site\" content=\"@museuciencies\" \/>\n<meta name=\"twitter:label1\" content=\"Tiempo de lectura\" \/>\n\t<meta name=\"twitter:data1\" content=\"1 minuto\" \/>\n<script type=\"application\/ld+json\" class=\"yoast-schema-graph\">{\"@context\":\"https:\/\/schema.org\",\"@graph\":[{\"@type\":\"WebPage\",\"@id\":\"https:\/\/natconference.museuciencies.cat\/es\/sobre-la-propuesta\/\",\"url\":\"https:\/\/natconference.museuciencies.cat\/es\/sobre-la-propuesta\/\",\"name\":\"Sobre la propuesta - Nat Conference\",\"isPartOf\":{\"@id\":\"https:\/\/natconference.museuciencies.cat\/es\/#website\"},\"datePublished\":\"2023-05-09T09:19:09+00:00\",\"dateModified\":\"2023-05-30T10:24:59+00:00\",\"breadcrumb\":{\"@id\":\"https:\/\/natconference.museuciencies.cat\/es\/sobre-la-propuesta\/#breadcrumb\"},\"inLanguage\":\"es\",\"potentialAction\":[{\"@type\":\"ReadAction\",\"target\":[\"https:\/\/natconference.museuciencies.cat\/es\/sobre-la-propuesta\/\"]}]},{\"@type\":\"BreadcrumbList\",\"@id\":\"https:\/\/natconference.museuciencies.cat\/es\/sobre-la-propuesta\/#breadcrumb\",\"itemListElement\":[{\"@type\":\"ListItem\",\"position\":1,\"name\":\"Portada\",\"item\":\"https:\/\/natconference.museuciencies.cat\/es\/\"},{\"@type\":\"ListItem\",\"position\":2,\"name\":\"Sobre la propuesta\"}]},{\"@type\":\"WebSite\",\"@id\":\"https:\/\/natconference.museuciencies.cat\/es\/#website\",\"url\":\"https:\/\/natconference.museuciencies.cat\/es\/\",\"name\":\"nat conference\",\"description\":\"Sciende advanced talks\",\"publisher\":{\"@id\":\"https:\/\/natconference.museuciencies.cat\/es\/#organization\"},\"potentialAction\":[{\"@type\":\"SearchAction\",\"target\":{\"@type\":\"EntryPoint\",\"urlTemplate\":\"https:\/\/natconference.museuciencies.cat\/es\/?s={search_term_string}\"},\"query-input\":\"required name=search_term_string\"}],\"inLanguage\":\"es\"},{\"@type\":\"Organization\",\"@id\":\"https:\/\/natconference.museuciencies.cat\/es\/#organization\",\"name\":\"nat conference\",\"url\":\"https:\/\/natconference.museuciencies.cat\/es\/\",\"logo\":{\"@type\":\"ImageObject\",\"inLanguage\":\"es\",\"@id\":\"https:\/\/natconference.museuciencies.cat\/es\/#\/schema\/logo\/image\/\",\"url\":\"https:\/\/natconference.museuciencies.cat\/wp-content\/uploads\/2023\/05\/cropped-favicon.png\",\"contentUrl\":\"https:\/\/natconference.museuciencies.cat\/wp-content\/uploads\/2023\/05\/cropped-favicon.png\",\"width\":512,\"height\":512,\"caption\":\"nat conference\"},\"image\":{\"@id\":\"https:\/\/natconference.museuciencies.cat\/es\/#\/schema\/logo\/image\/\"},\"sameAs\":[\"https:\/\/www.facebook.com\/museuciencies\",\"https:\/\/twitter.com\/museuciencies\",\"https:\/\/www.instagram.com\/museuciencies\/\"]}]}<\/script>\n<!-- \/ Yoast SEO plugin. -->","yoast_head_json":{"title":"Sobre la propuesta - Nat Conference","robots":{"index":"index","follow":"follow","max-snippet":"max-snippet:-1","max-image-preview":"max-image-preview:large","max-video-preview":"max-video-preview:-1"},"canonical":"https:\/\/natconference.museuciencies.cat\/es\/sobre-la-propuesta\/","og_locale":"es_ES","og_type":"article","og_title":"Sobre la propuesta - Nat Conference","og_description":"El objetivo de la conferencia es explorar desde un punto de vista nuevo el tema de la \u00abrepresentaci\u00f3n neural\u00bb. La idea de representaci\u00f3n es un concepto b\u00e1sico en el \u00e1mbito de la neurociencia. Las representaciones son fundamentales para estudiar las funciones del cerebro, como por ejemplo identificar marcadores ambientales asociados a una actividad neuronal espec\u00edfica. [&hellip;]","og_url":"https:\/\/natconference.museuciencies.cat\/es\/sobre-la-propuesta\/","og_site_name":"Nat Conference","article_publisher":"https:\/\/www.facebook.com\/museuciencies","article_modified_time":"2023-05-30T10:24:59+00:00","og_image":[{"width":1200,"height":628,"url":"https:\/\/natconference.museuciencies.cat\/wp-content\/uploads\/2023\/05\/nat-conference-compartir.jpg","type":"image\/jpeg"}],"twitter_card":"summary_large_image","twitter_image":"https:\/\/natconference.museuciencies.cat\/wp-content\/uploads\/2023\/05\/nat-conference-compartir-tw.jpg","twitter_site":"@museuciencies","twitter_misc":{"Tiempo de lectura":"1 minuto"},"schema":{"@context":"https:\/\/schema.org","@graph":[{"@type":"WebPage","@id":"https:\/\/natconference.museuciencies.cat\/es\/sobre-la-propuesta\/","url":"https:\/\/natconference.museuciencies.cat\/es\/sobre-la-propuesta\/","name":"Sobre la propuesta - Nat Conference","isPartOf":{"@id":"https:\/\/natconference.museuciencies.cat\/es\/#website"},"datePublished":"2023-05-09T09:19:09+00:00","dateModified":"2023-05-30T10:24:59+00:00","breadcrumb":{"@id":"https:\/\/natconference.museuciencies.cat\/es\/sobre-la-propuesta\/#breadcrumb"},"inLanguage":"es","potentialAction":[{"@type":"ReadAction","target":["https:\/\/natconference.museuciencies.cat\/es\/sobre-la-propuesta\/"]}]},{"@type":"BreadcrumbList","@id":"https:\/\/natconference.museuciencies.cat\/es\/sobre-la-propuesta\/#breadcrumb","itemListElement":[{"@type":"ListItem","position":1,"name":"Portada","item":"https:\/\/natconference.museuciencies.cat\/es\/"},{"@type":"ListItem","position":2,"name":"Sobre la propuesta"}]},{"@type":"WebSite","@id":"https:\/\/natconference.museuciencies.cat\/es\/#website","url":"https:\/\/natconference.museuciencies.cat\/es\/","name":"nat conference","description":"Sciende advanced talks","publisher":{"@id":"https:\/\/natconference.museuciencies.cat\/es\/#organization"},"potentialAction":[{"@type":"SearchAction","target":{"@type":"EntryPoint","urlTemplate":"https:\/\/natconference.museuciencies.cat\/es\/?s={search_term_string}"},"query-input":"required name=search_term_string"}],"inLanguage":"es"},{"@type":"Organization","@id":"https:\/\/natconference.museuciencies.cat\/es\/#organization","name":"nat conference","url":"https:\/\/natconference.museuciencies.cat\/es\/","logo":{"@type":"ImageObject","inLanguage":"es","@id":"https:\/\/natconference.museuciencies.cat\/es\/#\/schema\/logo\/image\/","url":"https:\/\/natconference.museuciencies.cat\/wp-content\/uploads\/2023\/05\/cropped-favicon.png","contentUrl":"https:\/\/natconference.museuciencies.cat\/wp-content\/uploads\/2023\/05\/cropped-favicon.png","width":512,"height":512,"caption":"nat conference"},"image":{"@id":"https:\/\/natconference.museuciencies.cat\/es\/#\/schema\/logo\/image\/"},"sameAs":["https:\/\/www.facebook.com\/museuciencies","https:\/\/twitter.com\/museuciencies","https:\/\/www.instagram.com\/museuciencies\/"]}]}},"_links":{"self":[{"href":"https:\/\/natconference.museuciencies.cat\/es\/wp-json\/wp\/v2\/pages\/555","targetHints":{"allow":["GET"]}}],"collection":[{"href":"https:\/\/natconference.museuciencies.cat\/es\/wp-json\/wp\/v2\/pages"}],"about":[{"href":"https:\/\/natconference.museuciencies.cat\/es\/wp-json\/wp\/v2\/types\/page"}],"author":[{"embeddable":true,"href":"https:\/\/natconference.museuciencies.cat\/es\/wp-json\/wp\/v2\/users\/1"}],"replies":[{"embeddable":true,"href":"https:\/\/natconference.museuciencies.cat\/es\/wp-json\/wp\/v2\/comments?post=555"}],"version-history":[{"count":8,"href":"https:\/\/natconference.museuciencies.cat\/es\/wp-json\/wp\/v2\/pages\/555\/revisions"}],"predecessor-version":[{"id":800,"href":"https:\/\/natconference.museuciencies.cat\/es\/wp-json\/wp\/v2\/pages\/555\/revisions\/800"}],"wp:featuredmedia":[{"embeddable":true,"href":"https:\/\/natconference.museuciencies.cat\/es\/wp-json\/wp\/v2\/media\/736"}],"wp:attachment":[{"href":"https:\/\/natconference.museuciencies.cat\/es\/wp-json\/wp\/v2\/media?parent=555"}],"curies":[{"name":"wp","href":"https:\/\/api.w.org\/{rel}","templated":true}]}}