{"id":557,"date":"2023-05-09T11:19:34","date_gmt":"2023-05-09T09:19:34","guid":{"rendered":"https:\/\/natconference.museuciencies.cat\/oradores\/"},"modified":"2023-05-30T12:54:14","modified_gmt":"2023-05-30T10:54:14","slug":"ponentes","status":"publish","type":"page","link":"https:\/\/natconference.museuciencies.cat\/es\/ponentes\/","title":{"rendered":"Ponentes"},"content":{"rendered":"\n<p>La primera edici\u00f3n de Nat conference cuenta con la participaci\u00f3n de algunas de las investigadores e investigadores m\u00e1s importantes del \u00e1mbito de la neurociencia, que han dedicado proyectos y art\u00edculos al concepto de la representaci\u00f3n neural. Con visiones diferentes al respecto, aportar\u00e1n conocimientos valiosos y generar\u00e1n un debate interesante entre los y las ponentes y el p\u00fablico asistente.<\/p>\n","protected":false},"excerpt":{"rendered":"<p>La primera edici\u00f3n de Nat conference cuenta con la participaci\u00f3n de algunas de las investigadores e investigadores m\u00e1s importantes del \u00e1mbito de la neurociencia, que han dedicado proyectos y art\u00edculos al concepto de la representaci\u00f3n neural. Con visiones diferentes al respecto, aportar\u00e1n conocimientos valiosos y generar\u00e1n un debate interesante entre los y las ponentes y [&hellip;]<\/p>\n","protected":false},"author":1,"featured_media":736,"parent":0,"menu_order":30,"comment_status":"closed","ping_status":"closed","template":"page-ponents.php","meta":{"inline_featured_image":false,"footnotes":""},"class_list":["post-557","page","type-page","status-publish","hentry"],"acf":[],"yoast_head":"<!-- This site is optimized with the Yoast SEO plugin v20.8 - https:\/\/yoast.com\/wordpress\/plugins\/seo\/ -->\n<title>Ponentes - Nat Conference<\/title>\n<meta name=\"robots\" content=\"index, follow, max-snippet:-1, max-image-preview:large, max-video-preview:-1\" \/>\n<link rel=\"canonical\" href=\"https:\/\/natconference.museuciencies.cat\/es\/ponentes\/\" \/>\n<meta property=\"og:locale\" content=\"es_ES\" \/>\n<meta property=\"og:type\" content=\"article\" \/>\n<meta property=\"og:title\" content=\"Ponentes - Nat Conference\" \/>\n<meta property=\"og:description\" content=\"La primera edici\u00f3n de Nat conference cuenta con la participaci\u00f3n de algunas de las investigadores e investigadores m\u00e1s importantes del \u00e1mbito de la neurociencia, que han dedicado proyectos y art\u00edculos al concepto de la representaci\u00f3n neural. Con visiones diferentes al respecto, aportar\u00e1n conocimientos valiosos y generar\u00e1n un debate interesante entre los y las ponentes y [&hellip;]\" \/>\n<meta property=\"og:url\" content=\"https:\/\/natconference.museuciencies.cat\/es\/ponentes\/\" \/>\n<meta property=\"og:site_name\" content=\"Nat Conference\" \/>\n<meta property=\"article:publisher\" content=\"https:\/\/www.facebook.com\/museuciencies\" \/>\n<meta property=\"article:modified_time\" content=\"2023-05-30T10:54:14+00:00\" \/>\n<meta property=\"og:image\" content=\"https:\/\/natconference.museuciencies.cat\/wp-content\/uploads\/2023\/05\/nat-conference-compartir.jpg\" \/>\n\t<meta property=\"og:image:width\" content=\"1200\" \/>\n\t<meta property=\"og:image:height\" content=\"628\" \/>\n\t<meta property=\"og:image:type\" content=\"image\/jpeg\" \/>\n<meta name=\"twitter:card\" content=\"summary_large_image\" \/>\n<meta name=\"twitter:image\" content=\"https:\/\/natconference.museuciencies.cat\/wp-content\/uploads\/2023\/05\/nat-conference-compartir-tw.jpg\" \/>\n<meta name=\"twitter:site\" content=\"@museuciencies\" \/>\n<meta name=\"twitter:label1\" content=\"Tiempo de lectura\" \/>\n\t<meta name=\"twitter:data1\" content=\"1 minuto\" \/>\n<script type=\"application\/ld+json\" class=\"yoast-schema-graph\">{\"@context\":\"https:\/\/schema.org\",\"@graph\":[{\"@type\":\"WebPage\",\"@id\":\"https:\/\/natconference.museuciencies.cat\/es\/ponentes\/\",\"url\":\"https:\/\/natconference.museuciencies.cat\/es\/ponentes\/\",\"name\":\"Ponentes - Nat Conference\",\"isPartOf\":{\"@id\":\"https:\/\/natconference.museuciencies.cat\/es\/#website\"},\"datePublished\":\"2023-05-09T09:19:34+00:00\",\"dateModified\":\"2023-05-30T10:54:14+00:00\",\"breadcrumb\":{\"@id\":\"https:\/\/natconference.museuciencies.cat\/es\/ponentes\/#breadcrumb\"},\"inLanguage\":\"es\",\"potentialAction\":[{\"@type\":\"ReadAction\",\"target\":[\"https:\/\/natconference.museuciencies.cat\/es\/ponentes\/\"]}]},{\"@type\":\"BreadcrumbList\",\"@id\":\"https:\/\/natconference.museuciencies.cat\/es\/ponentes\/#breadcrumb\",\"itemListElement\":[{\"@type\":\"ListItem\",\"position\":1,\"name\":\"Portada\",\"item\":\"https:\/\/natconference.museuciencies.cat\/es\/\"},{\"@type\":\"ListItem\",\"position\":2,\"name\":\"Ponentes\"}]},{\"@type\":\"WebSite\",\"@id\":\"https:\/\/natconference.museuciencies.cat\/es\/#website\",\"url\":\"https:\/\/natconference.museuciencies.cat\/es\/\",\"name\":\"nat conference\",\"description\":\"Sciende advanced talks\",\"publisher\":{\"@id\":\"https:\/\/natconference.museuciencies.cat\/es\/#organization\"},\"potentialAction\":[{\"@type\":\"SearchAction\",\"target\":{\"@type\":\"EntryPoint\",\"urlTemplate\":\"https:\/\/natconference.museuciencies.cat\/es\/?s={search_term_string}\"},\"query-input\":\"required name=search_term_string\"}],\"inLanguage\":\"es\"},{\"@type\":\"Organization\",\"@id\":\"https:\/\/natconference.museuciencies.cat\/es\/#organization\",\"name\":\"nat conference\",\"url\":\"https:\/\/natconference.museuciencies.cat\/es\/\",\"logo\":{\"@type\":\"ImageObject\",\"inLanguage\":\"es\",\"@id\":\"https:\/\/natconference.museuciencies.cat\/es\/#\/schema\/logo\/image\/\",\"url\":\"https:\/\/natconference.museuciencies.cat\/wp-content\/uploads\/2023\/05\/cropped-favicon.png\",\"contentUrl\":\"https:\/\/natconference.museuciencies.cat\/wp-content\/uploads\/2023\/05\/cropped-favicon.png\",\"width\":512,\"height\":512,\"caption\":\"nat conference\"},\"image\":{\"@id\":\"https:\/\/natconference.museuciencies.cat\/es\/#\/schema\/logo\/image\/\"},\"sameAs\":[\"https:\/\/www.facebook.com\/museuciencies\",\"https:\/\/twitter.com\/museuciencies\",\"https:\/\/www.instagram.com\/museuciencies\/\"]}]}<\/script>\n<!-- \/ Yoast SEO plugin. -->","yoast_head_json":{"title":"Ponentes - Nat Conference","robots":{"index":"index","follow":"follow","max-snippet":"max-snippet:-1","max-image-preview":"max-image-preview:large","max-video-preview":"max-video-preview:-1"},"canonical":"https:\/\/natconference.museuciencies.cat\/es\/ponentes\/","og_locale":"es_ES","og_type":"article","og_title":"Ponentes - Nat Conference","og_description":"La primera edici\u00f3n de Nat conference cuenta con la participaci\u00f3n de algunas de las investigadores e investigadores m\u00e1s importantes del \u00e1mbito de la neurociencia, que han dedicado proyectos y art\u00edculos al concepto de la representaci\u00f3n neural. Con visiones diferentes al respecto, aportar\u00e1n conocimientos valiosos y generar\u00e1n un debate interesante entre los y las ponentes y [&hellip;]","og_url":"https:\/\/natconference.museuciencies.cat\/es\/ponentes\/","og_site_name":"Nat Conference","article_publisher":"https:\/\/www.facebook.com\/museuciencies","article_modified_time":"2023-05-30T10:54:14+00:00","og_image":[{"width":1200,"height":628,"url":"https:\/\/natconference.museuciencies.cat\/wp-content\/uploads\/2023\/05\/nat-conference-compartir.jpg","type":"image\/jpeg"}],"twitter_card":"summary_large_image","twitter_image":"https:\/\/natconference.museuciencies.cat\/wp-content\/uploads\/2023\/05\/nat-conference-compartir-tw.jpg","twitter_site":"@museuciencies","twitter_misc":{"Tiempo de lectura":"1 minuto"},"schema":{"@context":"https:\/\/schema.org","@graph":[{"@type":"WebPage","@id":"https:\/\/natconference.museuciencies.cat\/es\/ponentes\/","url":"https:\/\/natconference.museuciencies.cat\/es\/ponentes\/","name":"Ponentes - Nat Conference","isPartOf":{"@id":"https:\/\/natconference.museuciencies.cat\/es\/#website"},"datePublished":"2023-05-09T09:19:34+00:00","dateModified":"2023-05-30T10:54:14+00:00","breadcrumb":{"@id":"https:\/\/natconference.museuciencies.cat\/es\/ponentes\/#breadcrumb"},"inLanguage":"es","potentialAction":[{"@type":"ReadAction","target":["https:\/\/natconference.museuciencies.cat\/es\/ponentes\/"]}]},{"@type":"BreadcrumbList","@id":"https:\/\/natconference.museuciencies.cat\/es\/ponentes\/#breadcrumb","itemListElement":[{"@type":"ListItem","position":1,"name":"Portada","item":"https:\/\/natconference.museuciencies.cat\/es\/"},{"@type":"ListItem","position":2,"name":"Ponentes"}]},{"@type":"WebSite","@id":"https:\/\/natconference.museuciencies.cat\/es\/#website","url":"https:\/\/natconference.museuciencies.cat\/es\/","name":"nat conference","description":"Sciende advanced talks","publisher":{"@id":"https:\/\/natconference.museuciencies.cat\/es\/#organization"},"potentialAction":[{"@type":"SearchAction","target":{"@type":"EntryPoint","urlTemplate":"https:\/\/natconference.museuciencies.cat\/es\/?s={search_term_string}"},"query-input":"required name=search_term_string"}],"inLanguage":"es"},{"@type":"Organization","@id":"https:\/\/natconference.museuciencies.cat\/es\/#organization","name":"nat conference","url":"https:\/\/natconference.museuciencies.cat\/es\/","logo":{"@type":"ImageObject","inLanguage":"es","@id":"https:\/\/natconference.museuciencies.cat\/es\/#\/schema\/logo\/image\/","url":"https:\/\/natconference.museuciencies.cat\/wp-content\/uploads\/2023\/05\/cropped-favicon.png","contentUrl":"https:\/\/natconference.museuciencies.cat\/wp-content\/uploads\/2023\/05\/cropped-favicon.png","width":512,"height":512,"caption":"nat conference"},"image":{"@id":"https:\/\/natconference.museuciencies.cat\/es\/#\/schema\/logo\/image\/"},"sameAs":["https:\/\/www.facebook.com\/museuciencies","https:\/\/twitter.com\/museuciencies","https:\/\/www.instagram.com\/museuciencies\/"]}]}},"_links":{"self":[{"href":"https:\/\/natconference.museuciencies.cat\/es\/wp-json\/wp\/v2\/pages\/557","targetHints":{"allow":["GET"]}}],"collection":[{"href":"https:\/\/natconference.museuciencies.cat\/es\/wp-json\/wp\/v2\/pages"}],"about":[{"href":"https:\/\/natconference.museuciencies.cat\/es\/wp-json\/wp\/v2\/types\/page"}],"author":[{"embeddable":true,"href":"https:\/\/natconference.museuciencies.cat\/es\/wp-json\/wp\/v2\/users\/1"}],"replies":[{"embeddable":true,"href":"https:\/\/natconference.museuciencies.cat\/es\/wp-json\/wp\/v2\/comments?post=557"}],"version-history":[{"count":4,"href":"https:\/\/natconference.museuciencies.cat\/es\/wp-json\/wp\/v2\/pages\/557\/revisions"}],"predecessor-version":[{"id":808,"href":"https:\/\/natconference.museuciencies.cat\/es\/wp-json\/wp\/v2\/pages\/557\/revisions\/808"}],"wp:featuredmedia":[{"embeddable":true,"href":"https:\/\/natconference.museuciencies.cat\/es\/wp-json\/wp\/v2\/media\/736"}],"wp:attachment":[{"href":"https:\/\/natconference.museuciencies.cat\/es\/wp-json\/wp\/v2\/media?parent=557"}],"curies":[{"name":"wp","href":"https:\/\/api.w.org\/{rel}","templated":true}]}}