{"id":563,"date":"2023-05-09T11:22:09","date_gmt":"2023-05-09T09:22:09","guid":{"rendered":"https:\/\/natconference.museuciencies.cat\/condicions-dus-del-lloc-web\/"},"modified":"2023-05-25T13:33:47","modified_gmt":"2023-05-25T11:33:47","slug":"condiciones-de-uso-de-este-sitio-web","status":"publish","type":"page","link":"https:\/\/natconference.museuciencies.cat\/es\/condiciones-de-uso-de-este-sitio-web\/","title":{"rendered":"Condiciones de uso de este sitio web"},"content":{"rendered":"\n<h3 class=\"wp-block-heading\">1. Identificaci\u00f3n<\/h3>\n\n\n\n<p>El sitio web museuciencies&nbsp;&nbsp;<a href=\"https:\/\/natconference.museuciencies.cat\/es\/\">https:\/\/natconference.museuciencies.cat<\/a>&nbsp;es gestionado por el&nbsp;<strong>Consorcio del&nbsp;Museu de Ci\u00e8ncies Naturals de Barcelona<\/strong>, cuya direcci\u00f3n corporativa es plaza Leonardo da Vinci, 4-5, 08019 Barcelona (Espa\u00f1a), con NIF Q0801897J y direcci\u00f3n de contacto por correo electr\u00f3nico museuciencies@bcn.cat.<\/p>\n\n\n\n<h3 class=\"wp-block-heading\">2. En general<\/h3>\n\n\n\n<p>Al acceder a este sitio web y explorar su contenido, el usuario acepta sin reservas estas condiciones de uso.<\/p>\n\n\n\n<p>Salvo que contravenga la legislaci\u00f3n aplicable, el Museo se reserva el derecho de alterar y actualizar la informaci\u00f3n contenida en esta web, en cualquier momento y sin aviso previo, y de cambiar su configuraci\u00f3n, presentaci\u00f3n y condiciones de uso. El usuario queda autom\u00e1ticamente obligado por estas Condiciones de uso a partir del momento en que accede al sitio y debe estar al corriente de los cambios que se produzcan en el mismo.<\/p>\n\n\n\n<p>El usuario acepta su responsabilidad respecto a la forma de utilizar el sitio web, tanto sus contenidos como los servicios que ofrece. El usuario tambi\u00e9n ser\u00e1 responsable ante el Museo y\/u otras partes de cualquier da\u00f1o que cause al mismo si no respeta estas Condiciones de uso.<\/p>\n\n\n\n<h3 class=\"wp-block-heading\">3. Informaci\u00f3n sobre los datos<\/h3>\n\n\n\n<p>La informaci\u00f3n proporcionada por la web proviene de la actividad de los diversos departamentos del Museu de Ci\u00e8ncies Naturals de Barcelona.<\/p>\n\n\n\n<h3 class=\"wp-block-heading\">4. Acceso al sitio web<\/h3>\n\n\n\n<p>El Museo no es responsable ante el usuario de los da\u00f1os provocados por el uso de este sitio web ni por ninguna acci\u00f3n que se derive de la informaci\u00f3n proporcionada.<\/p>\n\n\n\n<p>El Museo no es responsable de ning\u00fan fallo de seguridad o desconexi\u00f3n que pueda producirse ni de ning\u00fan da\u00f1o que pueda sufrir el dispositivo del usuario (hardware y software) o cualquier carpeta o documento almacenado debido a la presencia de virus en el dispositivo del usuario. El Museo tampoco es responsable de ning\u00fan mal funcionamiento del navegador o del uso de una versi\u00f3n no actualizada del mismo.<\/p>\n\n\n\n<h3 class=\"wp-block-heading\">5. Responsabilidad derivada de los enlaces web<\/h3>\n\n\n\n<p>El Museo no revisa los sitios web externos enlazados a Museuciencies, que son mantenidos por terceras partes que se encuentran fuera del control del Museo, el cual tampoco recomienda o aprueba sus contenidos. El Museo niega de forma expresa responsabilidad alguna por cualquier da\u00f1o sufrido por el usuario derivado de la informaci\u00f3n encontrada en estos sitios web.<\/p>\n\n\n\n<h3 class=\"wp-block-heading\">6. Licencias y derechos de reproducci\u00f3n<\/h3>\n\n\n\n<p>Si no se indica lo contrario, los contenidos del sitio web Museuciencies se publican bajo una licencia Creative Commons Attribution-NonCommercial 4.0 International&nbsp;<a href=\"https:\/\/creativecommons.org\/licenses\/by-nc\/4.0\/\" target=\"_blank\" rel=\"noreferrer noopener\">(CC BY-NC 4.0)<\/a><\/p>\n\n\n\n<p>Esta licencia permite:<\/p>\n\n\n\n<ul class=\"wp-block-list\">\n<li>Copiar y redistribuir los contenidos en cualquier medio y formato.<\/li>\n\n\n\n<li>Modificar, combinar y construir nuevos contenidos a partir del material licenciado, con la condici\u00f3n de:<\/li>\n\n\n\n<li>Citar su procedencia de forma clara y apropiada e indicar si se han aplicado modificaciones en los datos.<\/li>\n\n\n\n<li>Redistribuir los datos con una licencia equivalente a la referida aqu\u00ed, sin restricciones adicionales.<\/li>\n<\/ul>\n","protected":false},"excerpt":{"rendered":"<p>1. Identificaci\u00f3n El sitio web museuciencies&nbsp;&nbsp;https:\/\/natconference.museuciencies.cat&nbsp;es gestionado por el&nbsp;Consorcio del&nbsp;Museu de Ci\u00e8ncies Naturals de Barcelona, cuya direcci\u00f3n corporativa es plaza Leonardo da Vinci, 4-5, 08019 Barcelona (Espa\u00f1a), con NIF Q0801897J y direcci\u00f3n de contacto por correo electr\u00f3nico museuciencies@bcn.cat. 2. En general Al acceder a este sitio web y explorar su contenido, el usuario acepta sin [&hellip;]<\/p>\n","protected":false},"author":1,"featured_media":736,"parent":0,"menu_order":99,"comment_status":"closed","ping_status":"closed","template":"page-legal.php","meta":{"inline_featured_image":false,"footnotes":""},"class_list":["post-563","page","type-page","status-publish","hentry"],"acf":[],"yoast_head":"<!-- This site is optimized with the Yoast SEO plugin v20.8 - https:\/\/yoast.com\/wordpress\/plugins\/seo\/ -->\n<title>Condiciones de uso de este sitio web - Nat Conference<\/title>\n<meta name=\"robots\" content=\"index, follow, max-snippet:-1, max-image-preview:large, max-video-preview:-1\" \/>\n<link rel=\"canonical\" href=\"https:\/\/natconference.museuciencies.cat\/es\/condiciones-de-uso-de-este-sitio-web\/\" \/>\n<meta property=\"og:locale\" content=\"es_ES\" \/>\n<meta property=\"og:type\" content=\"article\" \/>\n<meta property=\"og:title\" content=\"Condiciones de uso de este sitio web - Nat Conference\" \/>\n<meta property=\"og:description\" content=\"1. Identificaci\u00f3n El sitio web museuciencies&nbsp;&nbsp;https:\/\/natconference.museuciencies.cat&nbsp;es gestionado por el&nbsp;Consorcio del&nbsp;Museu de Ci\u00e8ncies Naturals de Barcelona, cuya direcci\u00f3n corporativa es plaza Leonardo da Vinci, 4-5, 08019 Barcelona (Espa\u00f1a), con NIF Q0801897J y direcci\u00f3n de contacto por correo electr\u00f3nico museuciencies@bcn.cat. 2. En general Al acceder a este sitio web y explorar su contenido, el usuario acepta sin [&hellip;]\" \/>\n<meta property=\"og:url\" content=\"https:\/\/natconference.museuciencies.cat\/es\/condiciones-de-uso-de-este-sitio-web\/\" \/>\n<meta property=\"og:site_name\" content=\"Nat Conference\" \/>\n<meta property=\"article:publisher\" content=\"https:\/\/www.facebook.com\/museuciencies\" \/>\n<meta property=\"article:modified_time\" content=\"2023-05-25T11:33:47+00:00\" \/>\n<meta property=\"og:image\" content=\"https:\/\/natconference.museuciencies.cat\/wp-content\/uploads\/2023\/05\/nat-conference-compartir.jpg\" \/>\n\t<meta property=\"og:image:width\" content=\"1200\" \/>\n\t<meta property=\"og:image:height\" content=\"628\" \/>\n\t<meta property=\"og:image:type\" content=\"image\/jpeg\" \/>\n<meta name=\"twitter:card\" content=\"summary_large_image\" \/>\n<meta name=\"twitter:image\" content=\"https:\/\/natconference.museuciencies.cat\/wp-content\/uploads\/2023\/05\/nat-conference-compartir-tw.jpg\" \/>\n<meta name=\"twitter:site\" content=\"@museuciencies\" \/>\n<meta name=\"twitter:label1\" content=\"Tiempo de lectura\" \/>\n\t<meta name=\"twitter:data1\" content=\"3 minutos\" \/>\n<script type=\"application\/ld+json\" class=\"yoast-schema-graph\">{\"@context\":\"https:\/\/schema.org\",\"@graph\":[{\"@type\":\"WebPage\",\"@id\":\"https:\/\/natconference.museuciencies.cat\/es\/condiciones-de-uso-de-este-sitio-web\/\",\"url\":\"https:\/\/natconference.museuciencies.cat\/es\/condiciones-de-uso-de-este-sitio-web\/\",\"name\":\"Condiciones de uso de este sitio web - Nat Conference\",\"isPartOf\":{\"@id\":\"https:\/\/natconference.museuciencies.cat\/es\/#website\"},\"datePublished\":\"2023-05-09T09:22:09+00:00\",\"dateModified\":\"2023-05-25T11:33:47+00:00\",\"breadcrumb\":{\"@id\":\"https:\/\/natconference.museuciencies.cat\/es\/condiciones-de-uso-de-este-sitio-web\/#breadcrumb\"},\"inLanguage\":\"es\",\"potentialAction\":[{\"@type\":\"ReadAction\",\"target\":[\"https:\/\/natconference.museuciencies.cat\/es\/condiciones-de-uso-de-este-sitio-web\/\"]}]},{\"@type\":\"BreadcrumbList\",\"@id\":\"https:\/\/natconference.museuciencies.cat\/es\/condiciones-de-uso-de-este-sitio-web\/#breadcrumb\",\"itemListElement\":[{\"@type\":\"ListItem\",\"position\":1,\"name\":\"Portada\",\"item\":\"https:\/\/natconference.museuciencies.cat\/es\/\"},{\"@type\":\"ListItem\",\"position\":2,\"name\":\"Condiciones de uso de este sitio web\"}]},{\"@type\":\"WebSite\",\"@id\":\"https:\/\/natconference.museuciencies.cat\/es\/#website\",\"url\":\"https:\/\/natconference.museuciencies.cat\/es\/\",\"name\":\"nat conference\",\"description\":\"Sciende advanced talks\",\"publisher\":{\"@id\":\"https:\/\/natconference.museuciencies.cat\/es\/#organization\"},\"potentialAction\":[{\"@type\":\"SearchAction\",\"target\":{\"@type\":\"EntryPoint\",\"urlTemplate\":\"https:\/\/natconference.museuciencies.cat\/es\/?s={search_term_string}\"},\"query-input\":\"required name=search_term_string\"}],\"inLanguage\":\"es\"},{\"@type\":\"Organization\",\"@id\":\"https:\/\/natconference.museuciencies.cat\/es\/#organization\",\"name\":\"nat conference\",\"url\":\"https:\/\/natconference.museuciencies.cat\/es\/\",\"logo\":{\"@type\":\"ImageObject\",\"inLanguage\":\"es\",\"@id\":\"https:\/\/natconference.museuciencies.cat\/es\/#\/schema\/logo\/image\/\",\"url\":\"https:\/\/natconference.museuciencies.cat\/wp-content\/uploads\/2023\/05\/cropped-favicon.png\",\"contentUrl\":\"https:\/\/natconference.museuciencies.cat\/wp-content\/uploads\/2023\/05\/cropped-favicon.png\",\"width\":512,\"height\":512,\"caption\":\"nat conference\"},\"image\":{\"@id\":\"https:\/\/natconference.museuciencies.cat\/es\/#\/schema\/logo\/image\/\"},\"sameAs\":[\"https:\/\/www.facebook.com\/museuciencies\",\"https:\/\/twitter.com\/museuciencies\",\"https:\/\/www.instagram.com\/museuciencies\/\"]}]}<\/script>\n<!-- \/ Yoast SEO plugin. -->","yoast_head_json":{"title":"Condiciones de uso de este sitio web - Nat Conference","robots":{"index":"index","follow":"follow","max-snippet":"max-snippet:-1","max-image-preview":"max-image-preview:large","max-video-preview":"max-video-preview:-1"},"canonical":"https:\/\/natconference.museuciencies.cat\/es\/condiciones-de-uso-de-este-sitio-web\/","og_locale":"es_ES","og_type":"article","og_title":"Condiciones de uso de este sitio web - Nat Conference","og_description":"1. Identificaci\u00f3n El sitio web museuciencies&nbsp;&nbsp;https:\/\/natconference.museuciencies.cat&nbsp;es gestionado por el&nbsp;Consorcio del&nbsp;Museu de Ci\u00e8ncies Naturals de Barcelona, cuya direcci\u00f3n corporativa es plaza Leonardo da Vinci, 4-5, 08019 Barcelona (Espa\u00f1a), con NIF Q0801897J y direcci\u00f3n de contacto por correo electr\u00f3nico museuciencies@bcn.cat. 2. En general Al acceder a este sitio web y explorar su contenido, el usuario acepta sin [&hellip;]","og_url":"https:\/\/natconference.museuciencies.cat\/es\/condiciones-de-uso-de-este-sitio-web\/","og_site_name":"Nat Conference","article_publisher":"https:\/\/www.facebook.com\/museuciencies","article_modified_time":"2023-05-25T11:33:47+00:00","og_image":[{"width":1200,"height":628,"url":"https:\/\/natconference.museuciencies.cat\/wp-content\/uploads\/2023\/05\/nat-conference-compartir.jpg","type":"image\/jpeg"}],"twitter_card":"summary_large_image","twitter_image":"https:\/\/natconference.museuciencies.cat\/wp-content\/uploads\/2023\/05\/nat-conference-compartir-tw.jpg","twitter_site":"@museuciencies","twitter_misc":{"Tiempo de lectura":"3 minutos"},"schema":{"@context":"https:\/\/schema.org","@graph":[{"@type":"WebPage","@id":"https:\/\/natconference.museuciencies.cat\/es\/condiciones-de-uso-de-este-sitio-web\/","url":"https:\/\/natconference.museuciencies.cat\/es\/condiciones-de-uso-de-este-sitio-web\/","name":"Condiciones de uso de este sitio web - Nat Conference","isPartOf":{"@id":"https:\/\/natconference.museuciencies.cat\/es\/#website"},"datePublished":"2023-05-09T09:22:09+00:00","dateModified":"2023-05-25T11:33:47+00:00","breadcrumb":{"@id":"https:\/\/natconference.museuciencies.cat\/es\/condiciones-de-uso-de-este-sitio-web\/#breadcrumb"},"inLanguage":"es","potentialAction":[{"@type":"ReadAction","target":["https:\/\/natconference.museuciencies.cat\/es\/condiciones-de-uso-de-este-sitio-web\/"]}]},{"@type":"BreadcrumbList","@id":"https:\/\/natconference.museuciencies.cat\/es\/condiciones-de-uso-de-este-sitio-web\/#breadcrumb","itemListElement":[{"@type":"ListItem","position":1,"name":"Portada","item":"https:\/\/natconference.museuciencies.cat\/es\/"},{"@type":"ListItem","position":2,"name":"Condiciones de uso de este sitio web"}]},{"@type":"WebSite","@id":"https:\/\/natconference.museuciencies.cat\/es\/#website","url":"https:\/\/natconference.museuciencies.cat\/es\/","name":"nat conference","description":"Sciende advanced talks","publisher":{"@id":"https:\/\/natconference.museuciencies.cat\/es\/#organization"},"potentialAction":[{"@type":"SearchAction","target":{"@type":"EntryPoint","urlTemplate":"https:\/\/natconference.museuciencies.cat\/es\/?s={search_term_string}"},"query-input":"required name=search_term_string"}],"inLanguage":"es"},{"@type":"Organization","@id":"https:\/\/natconference.museuciencies.cat\/es\/#organization","name":"nat conference","url":"https:\/\/natconference.museuciencies.cat\/es\/","logo":{"@type":"ImageObject","inLanguage":"es","@id":"https:\/\/natconference.museuciencies.cat\/es\/#\/schema\/logo\/image\/","url":"https:\/\/natconference.museuciencies.cat\/wp-content\/uploads\/2023\/05\/cropped-favicon.png","contentUrl":"https:\/\/natconference.museuciencies.cat\/wp-content\/uploads\/2023\/05\/cropped-favicon.png","width":512,"height":512,"caption":"nat conference"},"image":{"@id":"https:\/\/natconference.museuciencies.cat\/es\/#\/schema\/logo\/image\/"},"sameAs":["https:\/\/www.facebook.com\/museuciencies","https:\/\/twitter.com\/museuciencies","https:\/\/www.instagram.com\/museuciencies\/"]}]}},"_links":{"self":[{"href":"https:\/\/natconference.museuciencies.cat\/es\/wp-json\/wp\/v2\/pages\/563","targetHints":{"allow":["GET"]}}],"collection":[{"href":"https:\/\/natconference.museuciencies.cat\/es\/wp-json\/wp\/v2\/pages"}],"about":[{"href":"https:\/\/natconference.museuciencies.cat\/es\/wp-json\/wp\/v2\/types\/page"}],"author":[{"embeddable":true,"href":"https:\/\/natconference.museuciencies.cat\/es\/wp-json\/wp\/v2\/users\/1"}],"replies":[{"embeddable":true,"href":"https:\/\/natconference.museuciencies.cat\/es\/wp-json\/wp\/v2\/comments?post=563"}],"version-history":[{"count":3,"href":"https:\/\/natconference.museuciencies.cat\/es\/wp-json\/wp\/v2\/pages\/563\/revisions"}],"predecessor-version":[{"id":747,"href":"https:\/\/natconference.museuciencies.cat\/es\/wp-json\/wp\/v2\/pages\/563\/revisions\/747"}],"wp:featuredmedia":[{"embeddable":true,"href":"https:\/\/natconference.museuciencies.cat\/es\/wp-json\/wp\/v2\/media\/736"}],"wp:attachment":[{"href":"https:\/\/natconference.museuciencies.cat\/es\/wp-json\/wp\/v2\/media?parent=563"}],"curies":[{"name":"wp","href":"https:\/\/api.w.org\/{rel}","templated":true}]}}