{"id":565,"date":"2023-04-27T07:38:17","date_gmt":"2023-04-27T05:38:17","guid":{"rendered":"https:\/\/natconference.museuciencies.cat\/politica-de-proteccio-de-dades\/"},"modified":"2023-05-25T13:34:39","modified_gmt":"2023-05-25T11:34:39","slug":"politica-de-proteccion-de-datos","status":"publish","type":"page","link":"https:\/\/natconference.museuciencies.cat\/es\/politica-de-proteccion-de-datos\/","title":{"rendered":"Pol\u00edtica de protecci\u00f3n de datos"},"content":{"rendered":"\n<p>Esta es la pol\u00edtica de protecci\u00f3n de datos del Consorci del Museu de Ci\u00e8ncies Naturals de Barcelona. Hace referencia a los datos que trata en cumplimiento al Reglamento General de Protecci\u00f3n de Datos (Reglamento (UE) 2016\/679 del Parlamento Europeo y del Consejo, del 27 de abril de 2016) y la Ley org\u00e1nica 3\/2018, del 5 de diciembre, de protecci\u00f3n de datos personales y garant\u00eda de los derechos digitales..<\/p>\n\n\n\n<p><strong>\u00bfQui\u00e9n es el responsable del tratamiento de los datos personales?<\/strong><\/p>\n\n\n\n<p><strong>&nbsp;<\/strong>El responsable del tratamiento de los datos personales es el Consorci del Museu de Ci\u00e8ncies Naturals de Barcelona (en adelante, el Museo), CIF Q0801897J, domicilio en la plaza Leonardo da Vinci, 4-5, Barcelona (CP 08019), tel . 932566002, museuciencies@bcn.cat, https:\/\/museuciencies.cat.<\/p>\n\n\n\n<p><strong>\u00bfQui\u00e9n es el Delegado de Protecci\u00f3n de Datos?<\/strong><\/p>\n\n\n\n<p>El Delegado de Protecci\u00f3n de Datos (DPD) supervisa el cumplimiento de la pol\u00edtica de protecci\u00f3n de datos del Museo, velando para que se traten adecuadamente los datos personales y se protejan los derechos de las personas. Entre sus funciones figura la de atender cualquier duda, sugerencia, queja o reclamaci\u00f3n de las personas de quienes se tratan datos. Se puede contactar con el delegado de Protecci\u00f3n de Datos dirigi\u00e9ndose por escrito a la plaza Leonardo da Vinci, 4-5, Barcelona (CP 08019), tel. 932566002 o a la direcci\u00f3n electr\u00f3nica&nbsp;<a href=\"mailto:dpd_CMCNB@bcn.cat\">dpd_CMCNB@bcn.cat<\/a>&nbsp;.<\/p>\n\n\n\n<p><strong>\u00bfCon qu\u00e9 finalidad tratamos los datos?<\/strong><\/p>\n\n\n\n<p>En el Museo tratamos los datos personales para las siguientes finalidades:<\/p>\n\n\n\n<ul class=\"wp-block-list\">\n<li>Contacto: Atender las consultas de las personas que contactan con nosotros por medio de formularios de contacto de nuestra p\u00e1gina web o telef\u00f3nicamente.<\/li>\n\n\n\n<li>Servicios del Museo: Registro de las personas que adquieren o reservan entradas para visitar las salas del museo, asisten a actos o actividades organizados por el Museo. En el proceso de registro se piden los datos imprescindibles como los identificativos o bancarios (en los casos que se requieran para gestionar un cobro).<\/li>\n\n\n\n<li>Actividades. En la organizaci\u00f3n de actividades culturales y formativas recibimos datos de las personas que se inscriben, a fin de organizar la actividad. Como criterio general, los datos no se comunican a otras personas sin el consentimiento expl\u00edcito de la persona que participa en la actividad.<\/li>\n\n\n\n<li>Informaci\u00f3n de nuestros servicios: Con la autorizaci\u00f3n expl\u00edcita de cada persona utilizamos los datos de contacto para comunicar informaci\u00f3n sobre actividades, actos o eventos.<\/li>\n\n\n\n<li>Gesti\u00f3n de los datos de nuestros proveedores: Registramos y tratamos los datos de los proveedores de quien obtenemos servicios o bienes. Pueden ser los datos de personas que act\u00faan como aut\u00f3nomos y tambi\u00e9n datos de representantes de personas jur\u00eddicas. Obtenemos los datos imprescindibles para mantener la relaci\u00f3n comercial, los destinamos \u00fanicamente a este fin y hacemos el uso propio de esta clase de relaci\u00f3n.<\/li>\n\n\n\n<li>Videovigilancia: En el acceso a nuestras instalaciones se informa de la existencia de c\u00e1maras de videovigilancia mediante los r\u00f3tulos homologados. Las c\u00e1maras graban im\u00e1genes s\u00f3lo de los puntos en los que es justificado para garantizar la seguridad de los bienes y de las personas, las im\u00e1genes se utilizan \u00fanicamente para esta finalidad.<\/li>\n<\/ul>\n\n\n\n<p><strong>\u00bfCu\u00e1l es la legitimaci\u00f3n legal para el tratamiento de los datos?<\/strong>&nbsp;El tratamiento de los datos que llevamos a cabo tienen diferentes fundamentos legales, seg\u00fan la naturaleza de cada tratamiento:<\/p>\n\n\n\n<ul class=\"wp-block-list\">\n<li>En cumplimiento de una relaci\u00f3n contractual, como es el caso de las relaciones con nuestros proveedores y con las personas que adquieren entradas o contratan otros servicios del Museo.<\/li>\n\n\n\n<li>En cumplimiento de obligaciones legales, por ejemplo las comunicaciones de datos a la administraci\u00f3n tributaria, establecida en normas fiscales y reguladoras de las relaciones comerciales.<\/li>\n\n\n\n<li>En base al consentimiento&nbsp;realizamos env\u00edos de informaci\u00f3n de los servicios, actividades, actos o eventos que programamos.<\/li>\n\n\n\n<li>En cumplimiento de misi\u00f3n de inter\u00e9s p\u00fablico&nbsp;registramos im\u00e1genes con las c\u00e1maras de videovigilancia, para preservar el patrimonio que custodiamos.<\/li>\n<\/ul>\n\n\n\n<p><strong>\u00bfA qui\u00e9n se comunican los datos?<\/strong><\/p>\n\n\n\n<p>Como criterio general \u00fanicamente comunicamos datos a administraciones o poderes p\u00fablicos y siempre en cumplimiento de obligaciones legales. En la emisi\u00f3n de facturas a clientes los datos se pueden comunicar a entidades bancarias. En casos justificados comunicaremos los datos a los cuerpos y fuerzas de seguridad o a los \u00f3rganos judiciales competentes. No se realizan transferencias de datos fuera del \u00e1mbito de la Uni\u00f3n Europea (transferencia internacional).<\/p>\n\n\n\n<p><strong>\u00bfCu\u00e1nto tiempo conservamos los datos?<\/strong><\/p>\n\n\n\n<p>El tiempo de conservaci\u00f3n de los datos viene determinado por diferentes factores, principalmente el hecho de que los datos sigan siendo necesarios para atender las finalidades para las que hayan sido recogidos en cada caso. En segundo lugar, se conservan para hacer frente a posibles responsabilidades para el tratamiento de los datos por parte de Nombre responsable, y para atender cualquier requerimiento de otras administraciones p\u00fablicas u \u00f3rganos judiciales.<\/p>\n\n\n\n<p>En consecuencia los datos se conservar\u00e1n durante el tiempo necesario para preservar su valor legal o informativo o para acreditar el cumplimiento de las obligaciones legales, pero no por un per\u00edodo superior al necesario de acuerdo con las finalidades del tratamiento.<\/p>\n\n\n\n<p>En determinados casos, como el de los datos que figuran en la documentaci\u00f3n contable y la facturaci\u00f3n, la normativa fiscal obliga a conservarlas hasta que no prescriban las responsabilidades en esta materia.<\/p>\n\n\n\n<p>En el caso de los datos que se tratan exclusivamente en base al consentimiento de la persona interesada, se conservan hasta que esta persona revoca este consentimiento.<\/p>\n\n\n\n<p>Finalmente, en el caso de las im\u00e1genes obtenidas por las c\u00e1maras de videovigilancia, se conservan como m\u00e1ximo durante un mes, si bien en el caso de incidentes que lo justifiquen se conservan el tiempo necesario para facilitar las actuaciones de los cuerpos y fuerzas de seguridad o de los \u00f3rganos judiciales.<\/p>\n\n\n\n<p>La normativa reguladora de la conservaci\u00f3n de la documentaci\u00f3n p\u00fablica, y los dict\u00e1menes de la Comisi\u00f3n Nacional de Acceso, Evaluaci\u00f3n y Selecci\u00f3n Documental son un referente que determinan los criterios que seguimos en la conservaci\u00f3n o eliminaci\u00f3n de los datos.<\/p>\n\n\n\n<p><strong>\u00bfQu\u00e9 derechos tienen las personas en relaci\u00f3n a los datos que tratamos?<\/strong><\/p>\n\n\n\n<p>Tal como prev\u00e9 el Reglamento General de Protecci\u00f3n de Datos, las personas de quienes tratamos los datos tienen los siguientes derechos:<\/p>\n\n\n\n<ul class=\"wp-block-list\">\n<li>A saber si se tratan: Cualquier persona tiene derecho a saber si nosotros tratamos sus datos, con independencia de si ha existido una relaci\u00f3n previa.<\/li>\n\n\n\n<li>A ser informado en la recogida: Cuando los datos personales se obtienen del propio interesado, en el momento de proporcionarlos debe tener informaci\u00f3n clara de las finalidades a los que se destinar\u00e1n, de qui\u00e9n ser\u00e1 el responsable del tratamiento y del resto de aspectos derivados de este tratamiento.<\/li>\n\n\n\n<li>Al acceso: Derecho que incluye el de saber con precisi\u00f3n qu\u00e9 datos personales son objeto de tratamiento, cu\u00e1l es la finalidad para la que se tratan, las comunicaciones a otras personas (en su caso) o el derecho a obtener copia de los mismos o a saber el plazo previsto de conservaci\u00f3n.<\/li>\n\n\n\n<li>A pedir su rectificaci\u00f3n: Es el derecho a hacer rectificar los datos inexactos que sean objeto de tratamiento por parte nuestra.<\/li>\n\n\n\n<li>A pedir su supresi\u00f3n: En determinadas circunstancias existe el derecho a pedir la supresi\u00f3n de los datos cuando, entre otros motivos, ya no sean necesarios para los fines para los que fueron recogidos y justificaron el tratamiento.<\/li>\n\n\n\n<li>Pedir la limitaci\u00f3n del tratamiento: Tambi\u00e9n en determinadas circunstancias se reconoce el derecho a pedir la limitaci\u00f3n del tratamiento de los datos. En este caso, dejar\u00e1n de ser tratados y s\u00f3lo se conservar\u00e1n para el ejercicio o la defensa ante reclamaciones.<\/li>\n\n\n\n<li>A la portabilidad: En los casos previstos en la normativa se reconoce el derecho a obtener los datos personales propios en un formato estructurado de uso com\u00fan legible por m\u00e1quina.<\/li>\n\n\n\n<li>A oponerse al tratamiento: Una persona puede aducir motivos relacionados con su situaci\u00f3n particular, motivos que comportar\u00e1n que dejen de tratarse sus datos en el grado o medida que pueda suponer un perjuicio.<\/li>\n<\/ul>\n\n\n\n<p><strong>\u00bfC\u00f3mo se pueden ejercer o defender los derechos?<\/strong><\/p>\n\n\n\n<p>Los derechos que acabamos de enumerar pueden ejercerse dirigiendo una solicitud escrita al Museo a la direcci\u00f3n postal Plaza Leonardo da Vinci, 4-5, Barcelona (CP 08019) o bien enviando un correo electr\u00f3nico a&nbsp;<a href=\"mailto:museuciencies@bcn.cat\">museuciencies@bcn.cat<\/a>&nbsp;, indicando en todos los casos \u00abProtecci\u00f3n de datos personales\u00bb.<\/p>\n\n\n\n<p>Si no se ha obtenido respuesta satisfactoria en el ejercicio de los derechos es posible presentar una reclamaci\u00f3n ante la Autoridad Catalana de Protecci\u00f3n de Datos, por medio de los formularios u otros canales accesibles desde su p\u00e1gina&nbsp;www.apd.cat&nbsp;.<\/p>\n\n\n\n<p>En todos los casos, ya sea para presentar reclamaciones, pedir aclaraciones o hacer llegar sugerencias, es posible dirigirse al Delegado de Protecci\u00f3n de Datos mediante mensaje de correo electr\u00f3nico a la direcci\u00f3n&nbsp;<a href=\"mailto:dpd_CMCNB@bcn.cat\">dpd_CMCNB@bcn.cat<\/a><\/p>\n","protected":false},"excerpt":{"rendered":"<p>Esta es la pol\u00edtica de protecci\u00f3n de datos del Consorci del Museu de Ci\u00e8ncies Naturals de Barcelona. Hace referencia a los datos que trata en cumplimiento al Reglamento General de Protecci\u00f3n de Datos (Reglamento (UE) 2016\/679 del Parlamento Europeo y del Consejo, del 27 de abril de 2016) y la Ley org\u00e1nica 3\/2018, del 5 [&hellip;]<\/p>\n","protected":false},"author":1,"featured_media":736,"parent":0,"menu_order":99,"comment_status":"closed","ping_status":"closed","template":"page-legal.php","meta":{"inline_featured_image":false,"footnotes":""},"class_list":["post-565","page","type-page","status-publish","hentry"],"acf":[],"yoast_head":"<!-- This site is optimized with the Yoast SEO plugin v20.8 - https:\/\/yoast.com\/wordpress\/plugins\/seo\/ -->\n<title>Pol\u00edtica de protecci\u00f3n de datos - Nat Conference<\/title>\n<meta name=\"robots\" content=\"index, follow, max-snippet:-1, max-image-preview:large, max-video-preview:-1\" \/>\n<link rel=\"canonical\" href=\"https:\/\/natconference.museuciencies.cat\/es\/politica-de-proteccion-de-datos\/\" \/>\n<meta property=\"og:locale\" content=\"es_ES\" \/>\n<meta property=\"og:type\" content=\"article\" \/>\n<meta property=\"og:title\" content=\"Pol\u00edtica de protecci\u00f3n de datos - Nat Conference\" \/>\n<meta property=\"og:description\" content=\"Esta es la pol\u00edtica de protecci\u00f3n de datos del Consorci del Museu de Ci\u00e8ncies Naturals de Barcelona. Hace referencia a los datos que trata en cumplimiento al Reglamento General de Protecci\u00f3n de Datos (Reglamento (UE) 2016\/679 del Parlamento Europeo y del Consejo, del 27 de abril de 2016) y la Ley org\u00e1nica 3\/2018, del 5 [&hellip;]\" \/>\n<meta property=\"og:url\" content=\"https:\/\/natconference.museuciencies.cat\/es\/politica-de-proteccion-de-datos\/\" \/>\n<meta property=\"og:site_name\" content=\"Nat Conference\" \/>\n<meta property=\"article:publisher\" content=\"https:\/\/www.facebook.com\/museuciencies\" \/>\n<meta property=\"article:modified_time\" content=\"2023-05-25T11:34:39+00:00\" \/>\n<meta property=\"og:image\" content=\"https:\/\/natconference.museuciencies.cat\/wp-content\/uploads\/2023\/05\/nat-conference-compartir.jpg\" \/>\n\t<meta property=\"og:image:width\" content=\"1200\" \/>\n\t<meta property=\"og:image:height\" content=\"628\" \/>\n\t<meta property=\"og:image:type\" content=\"image\/jpeg\" \/>\n<meta name=\"twitter:card\" content=\"summary_large_image\" \/>\n<meta name=\"twitter:image\" content=\"https:\/\/natconference.museuciencies.cat\/wp-content\/uploads\/2023\/05\/nat-conference-compartir-tw.jpg\" \/>\n<meta name=\"twitter:site\" content=\"@museuciencies\" \/>\n<meta name=\"twitter:label1\" content=\"Tiempo de lectura\" \/>\n\t<meta name=\"twitter:data1\" content=\"8 minutos\" \/>\n<script type=\"application\/ld+json\" class=\"yoast-schema-graph\">{\"@context\":\"https:\/\/schema.org\",\"@graph\":[{\"@type\":\"WebPage\",\"@id\":\"https:\/\/natconference.museuciencies.cat\/es\/politica-de-proteccion-de-datos\/\",\"url\":\"https:\/\/natconference.museuciencies.cat\/es\/politica-de-proteccion-de-datos\/\",\"name\":\"Pol\u00edtica de protecci\u00f3n de datos - Nat Conference\",\"isPartOf\":{\"@id\":\"https:\/\/natconference.museuciencies.cat\/es\/#website\"},\"datePublished\":\"2023-04-27T05:38:17+00:00\",\"dateModified\":\"2023-05-25T11:34:39+00:00\",\"breadcrumb\":{\"@id\":\"https:\/\/natconference.museuciencies.cat\/es\/politica-de-proteccion-de-datos\/#breadcrumb\"},\"inLanguage\":\"es\",\"potentialAction\":[{\"@type\":\"ReadAction\",\"target\":[\"https:\/\/natconference.museuciencies.cat\/es\/politica-de-proteccion-de-datos\/\"]}]},{\"@type\":\"BreadcrumbList\",\"@id\":\"https:\/\/natconference.museuciencies.cat\/es\/politica-de-proteccion-de-datos\/#breadcrumb\",\"itemListElement\":[{\"@type\":\"ListItem\",\"position\":1,\"name\":\"Portada\",\"item\":\"https:\/\/natconference.museuciencies.cat\/es\/\"},{\"@type\":\"ListItem\",\"position\":2,\"name\":\"Pol\u00edtica de protecci\u00f3n de datos\"}]},{\"@type\":\"WebSite\",\"@id\":\"https:\/\/natconference.museuciencies.cat\/es\/#website\",\"url\":\"https:\/\/natconference.museuciencies.cat\/es\/\",\"name\":\"nat conference\",\"description\":\"Sciende advanced talks\",\"publisher\":{\"@id\":\"https:\/\/natconference.museuciencies.cat\/es\/#organization\"},\"potentialAction\":[{\"@type\":\"SearchAction\",\"target\":{\"@type\":\"EntryPoint\",\"urlTemplate\":\"https:\/\/natconference.museuciencies.cat\/es\/?s={search_term_string}\"},\"query-input\":\"required name=search_term_string\"}],\"inLanguage\":\"es\"},{\"@type\":\"Organization\",\"@id\":\"https:\/\/natconference.museuciencies.cat\/es\/#organization\",\"name\":\"nat conference\",\"url\":\"https:\/\/natconference.museuciencies.cat\/es\/\",\"logo\":{\"@type\":\"ImageObject\",\"inLanguage\":\"es\",\"@id\":\"https:\/\/natconference.museuciencies.cat\/es\/#\/schema\/logo\/image\/\",\"url\":\"https:\/\/natconference.museuciencies.cat\/wp-content\/uploads\/2023\/05\/cropped-favicon.png\",\"contentUrl\":\"https:\/\/natconference.museuciencies.cat\/wp-content\/uploads\/2023\/05\/cropped-favicon.png\",\"width\":512,\"height\":512,\"caption\":\"nat conference\"},\"image\":{\"@id\":\"https:\/\/natconference.museuciencies.cat\/es\/#\/schema\/logo\/image\/\"},\"sameAs\":[\"https:\/\/www.facebook.com\/museuciencies\",\"https:\/\/twitter.com\/museuciencies\",\"https:\/\/www.instagram.com\/museuciencies\/\"]}]}<\/script>\n<!-- \/ Yoast SEO plugin. -->","yoast_head_json":{"title":"Pol\u00edtica de protecci\u00f3n de datos - Nat Conference","robots":{"index":"index","follow":"follow","max-snippet":"max-snippet:-1","max-image-preview":"max-image-preview:large","max-video-preview":"max-video-preview:-1"},"canonical":"https:\/\/natconference.museuciencies.cat\/es\/politica-de-proteccion-de-datos\/","og_locale":"es_ES","og_type":"article","og_title":"Pol\u00edtica de protecci\u00f3n de datos - Nat Conference","og_description":"Esta es la pol\u00edtica de protecci\u00f3n de datos del Consorci del Museu de Ci\u00e8ncies Naturals de Barcelona. Hace referencia a los datos que trata en cumplimiento al Reglamento General de Protecci\u00f3n de Datos (Reglamento (UE) 2016\/679 del Parlamento Europeo y del Consejo, del 27 de abril de 2016) y la Ley org\u00e1nica 3\/2018, del 5 [&hellip;]","og_url":"https:\/\/natconference.museuciencies.cat\/es\/politica-de-proteccion-de-datos\/","og_site_name":"Nat Conference","article_publisher":"https:\/\/www.facebook.com\/museuciencies","article_modified_time":"2023-05-25T11:34:39+00:00","og_image":[{"width":1200,"height":628,"url":"https:\/\/natconference.museuciencies.cat\/wp-content\/uploads\/2023\/05\/nat-conference-compartir.jpg","type":"image\/jpeg"}],"twitter_card":"summary_large_image","twitter_image":"https:\/\/natconference.museuciencies.cat\/wp-content\/uploads\/2023\/05\/nat-conference-compartir-tw.jpg","twitter_site":"@museuciencies","twitter_misc":{"Tiempo de lectura":"8 minutos"},"schema":{"@context":"https:\/\/schema.org","@graph":[{"@type":"WebPage","@id":"https:\/\/natconference.museuciencies.cat\/es\/politica-de-proteccion-de-datos\/","url":"https:\/\/natconference.museuciencies.cat\/es\/politica-de-proteccion-de-datos\/","name":"Pol\u00edtica de protecci\u00f3n de datos - Nat Conference","isPartOf":{"@id":"https:\/\/natconference.museuciencies.cat\/es\/#website"},"datePublished":"2023-04-27T05:38:17+00:00","dateModified":"2023-05-25T11:34:39+00:00","breadcrumb":{"@id":"https:\/\/natconference.museuciencies.cat\/es\/politica-de-proteccion-de-datos\/#breadcrumb"},"inLanguage":"es","potentialAction":[{"@type":"ReadAction","target":["https:\/\/natconference.museuciencies.cat\/es\/politica-de-proteccion-de-datos\/"]}]},{"@type":"BreadcrumbList","@id":"https:\/\/natconference.museuciencies.cat\/es\/politica-de-proteccion-de-datos\/#breadcrumb","itemListElement":[{"@type":"ListItem","position":1,"name":"Portada","item":"https:\/\/natconference.museuciencies.cat\/es\/"},{"@type":"ListItem","position":2,"name":"Pol\u00edtica de protecci\u00f3n de datos"}]},{"@type":"WebSite","@id":"https:\/\/natconference.museuciencies.cat\/es\/#website","url":"https:\/\/natconference.museuciencies.cat\/es\/","name":"nat conference","description":"Sciende advanced talks","publisher":{"@id":"https:\/\/natconference.museuciencies.cat\/es\/#organization"},"potentialAction":[{"@type":"SearchAction","target":{"@type":"EntryPoint","urlTemplate":"https:\/\/natconference.museuciencies.cat\/es\/?s={search_term_string}"},"query-input":"required name=search_term_string"}],"inLanguage":"es"},{"@type":"Organization","@id":"https:\/\/natconference.museuciencies.cat\/es\/#organization","name":"nat conference","url":"https:\/\/natconference.museuciencies.cat\/es\/","logo":{"@type":"ImageObject","inLanguage":"es","@id":"https:\/\/natconference.museuciencies.cat\/es\/#\/schema\/logo\/image\/","url":"https:\/\/natconference.museuciencies.cat\/wp-content\/uploads\/2023\/05\/cropped-favicon.png","contentUrl":"https:\/\/natconference.museuciencies.cat\/wp-content\/uploads\/2023\/05\/cropped-favicon.png","width":512,"height":512,"caption":"nat conference"},"image":{"@id":"https:\/\/natconference.museuciencies.cat\/es\/#\/schema\/logo\/image\/"},"sameAs":["https:\/\/www.facebook.com\/museuciencies","https:\/\/twitter.com\/museuciencies","https:\/\/www.instagram.com\/museuciencies\/"]}]}},"_links":{"self":[{"href":"https:\/\/natconference.museuciencies.cat\/es\/wp-json\/wp\/v2\/pages\/565","targetHints":{"allow":["GET"]}}],"collection":[{"href":"https:\/\/natconference.museuciencies.cat\/es\/wp-json\/wp\/v2\/pages"}],"about":[{"href":"https:\/\/natconference.museuciencies.cat\/es\/wp-json\/wp\/v2\/types\/page"}],"author":[{"embeddable":true,"href":"https:\/\/natconference.museuciencies.cat\/es\/wp-json\/wp\/v2\/users\/1"}],"replies":[{"embeddable":true,"href":"https:\/\/natconference.museuciencies.cat\/es\/wp-json\/wp\/v2\/comments?post=565"}],"version-history":[{"count":2,"href":"https:\/\/natconference.museuciencies.cat\/es\/wp-json\/wp\/v2\/pages\/565\/revisions"}],"predecessor-version":[{"id":728,"href":"https:\/\/natconference.museuciencies.cat\/es\/wp-json\/wp\/v2\/pages\/565\/revisions\/728"}],"wp:featuredmedia":[{"embeddable":true,"href":"https:\/\/natconference.museuciencies.cat\/es\/wp-json\/wp\/v2\/media\/736"}],"wp:attachment":[{"href":"https:\/\/natconference.museuciencies.cat\/es\/wp-json\/wp\/v2\/media?parent=565"}],"curies":[{"name":"wp","href":"https:\/\/api.w.org\/{rel}","templated":true}]}}